{"id":5,"date":"2018-08-28T15:18:41","date_gmt":"2018-08-28T15:18:41","guid":{"rendered":"http:\/\/xn--gebrderschmitt-jsb.de\/?page_id=5"},"modified":"2021-12-19T20:45:13","modified_gmt":"2021-12-19T20:45:13","slug":"one-page-express","status":"publish","type":"page","link":"http:\/\/xn--gebrderschmitt-jsb.de\/","title":{"rendered":"Kontakt"},"content":{"rendered":"<div id=\"about-5\" class=\"about-text-icons-section\" style=\"background-color: #ffffff;\" data-label=\"About\" data-id=\"about-text-icons-section\" data-category=\"about\">\n<div class=\"gridContainer\">\n<div class=\"about-text-icons-innerrow dynamic-color\">\n<div class=\"about-text-icons-textcol\" data-type=\"column\">\n<h5 class=\"\">ERDBAU, TRANSPORT &amp; NATURSTEIN<\/h5>\n<h3 class=\"\">Wir vereinen<span class=\"span24\"> Erfahrung mit Leidenschaft<\/span> und schweren Maschinen.<\/h3>\n<p class=\"\">Aufgewachsen mit den Traktoren der elterlichen Landwirtschaft haben wir ohne den Bezug zu unseren Wurzeln zu verlieren, Gebr\u00fcder Schmitt gegr\u00fcndet und zu einem leistungsstarken Dienstleister entwickelt.<\/p>\n\n\n<\/div>\n<div class=\"about-text-icons-cols flexbox-list\">\n<div class=\"about-text-icons-iconcol\"><i class=\"font-icon-21 fa fa-rocket\" data-cp-fa=\"true\"><\/i>\n<h4 class=\"\">Transportprofis<\/h4>\n<p class=\"\">Erd- und Sch\u00fcttguttransporte in unwegsamen Gel\u00e4nde? Genau unser Ding! Unsere Traktoren mit Schwerlast Muldenkippern meistern jeden Untergrund. Bei Tunnel- und Gleisbauarbeiten kommen unsere\u00a0 Spezialabschiebe Anh\u00e4nger zum Einsatz.<\/p>\n<a href=\"#\" target=\"_self\" rel=\"noopener noreferrer\" data-reiki-hidden=\"true\"><i class=\"font-icon-20 fa fa-angle-double-right\" data-cp-fa=\"true\"><\/i>\u00a0learn more<\/a>\n\n<\/div>\n<div class=\"about-text-icons-iconcol\"><i class=\"font-icon-21 fa fa-magic\" data-cp-fa=\"true\"><\/i>\n<h4 class=\"\">Meister der Baggerschaufel<\/h4>\n<p class=\"\">Bei Baggerarbeiten macht uns keiner etwas vor: Erdabtrag und -aufsch\u00fcttungen, Aushub von Baugruben und Wiederverf\u00fcllungen oder Abbrucharbeiten. Mit unseren Kettenbaggern von 3 bis 30 Tonnen sind wir f\u00fcr Ihre Baustelle bestens ger\u00fcstet!<\/p>\n<a href=\"#\" target=\"_self\" rel=\"noopener noreferrer\" data-reiki-hidden=\"true\"><i class=\"font-icon-20 fa fa-angle-double-right\" data-cp-fa=\"true\"><\/i>\u00a0learn more<\/a>\n\n<\/div>\n<div class=\"about-text-icons-iconcol\"><i class=\"font-icon-21 fa fa-mortar-board\" data-cp-fa=\"true\"><\/i>\n<h4 class=\"\">Experten in Bodenbearbeitung<\/h4>\n<p class=\"\">Egal was Ihr Boden braucht, wir geben es ihm. Dabei geh\u00f6ren Bodenstabilisierung mit Bindemitteln, Tiefenlockern und Planierarbeiten genauso zu unseren Leistungen wie Mulchen von Baufeldern oder Ansaat von Wiederbegr\u00fcnung.<\/p>\n<a href=\"#\" target=\"_self\" rel=\"noopener noreferrer\" data-reiki-hidden=\"true\"><i class=\"font-icon-20 fa fa-angle-double-right\" data-cp-fa=\"true\"><\/i>\u00a0learn more<\/a>\n\n<\/div>\n<div class=\"about-text-icons-iconcol\"><i class=\"font-icon-21 fa fa-cogs\" data-cp-fa=\"true\"><\/i>\n<h4 class=\"\">Maschinenversteher<\/h4>\n<p class=\"\">In unserer Werkstatt warten wir Land- und Baumaschinen und f\u00fchren Maschinen Instandsetzungsarbeiten durch.<\/p>\n<a href=\"#\" target=\"_self\" rel=\"noopener noreferrer\" data-reiki-hidden=\"true\"><i class=\"font-icon-20 fa fa-angle-double-right\" data-cp-fa=\"true\"><\/i>\u00a0learn more<\/a>\n\n<\/div>\n<\/div>\n<\/div>\n<\/div>\n<\/div>\n<div id=\"features-7\" class=\"features-square-image-section\" style=\"background-color: #ffffff;\" data-label=\"Features\" data-id=\"features-square-image-section\" data-category=\"features\">\n<div class=\"gridContainer dynamic-color\">\n<div class=\"features-square-image-textrow\">\n<div class=\"features-square-image-textcol\" data-type=\"column\">\n<h2 class=\"\">Unsere Leistungen<\/h2>\n<\/div>\n<\/div>\n<div class=\"features-square-image-innerrow\" data-type=\"row\">\n<div class=\"features-square-image-featcol cp4cols cp6cols-tablet\">\n<h4 class=\"\">Transport<\/h4>\n<img decoding=\"async\" class=\"features-square-image-featimg\" src=\"http:\/\/xn--gebrderschmitt-jsb.de\/wp-content\/uploads\/2018\/11\/2011-12-12-11.37.33.jpg\" \/>\n\n<\/div>\n<div class=\"features-square-image-featcol cp4cols cp6cols-tablet\">\n<h4 class=\"\">Erdbau<\/h4>\n<img decoding=\"async\" class=\"features-square-image-featimg\" src=\"http:\/\/xn--gebrderschmitt-jsb.de\/wp-content\/uploads\/2018\/11\/171128_IMG_0009.jpg\" \/>\n\n<\/div>\n<div class=\"features-square-image-featcol cp4cols cp6cols-tablet\">\n<h4 class=\"\">Bodenbearbeitung<\/h4>\n<img decoding=\"async\" class=\"features-square-image-featimg\" src=\"http:\/\/xn--gebrderschmitt-jsb.de\/wp-content\/uploads\/2018\/11\/kalk.jpg\" \/>\n\n<\/div>\n<div class=\"features-square-image-featcol cp4cols cp6cols-tablet\">\n<h4 class=\"\">Wegsanierung<\/h4>\n<img decoding=\"async\" class=\"features-square-image-featimg\" src=\"http:\/\/xn--gebrderschmitt-jsb.de\/wp-content\/uploads\/2020\/11\/e6466b5a-fa59-47fd-ad17-b2564f2f2920.jpg\" \/>\n\n<\/div>\n<div class=\"features-square-image-featcol cp4cols cp6cols-tablet\">\n<h4 class=\"\">Bew\u00e4sserung<\/h4>\n<img decoding=\"async\" class=\"features-square-image-featimg\" src=\"http:\/\/xn--gebrderschmitt-jsb.de\/wp-content\/uploads\/2018\/11\/PHOTO-2018-11-25-15-39-54.jpg\" \/>\n\n<\/div>\n<div class=\"features-square-image-featcol cp4cols cp6cols-tablet\">\n<h4 class=\"\">Schlosserarbeiten<\/h4>\n<img decoding=\"async\" class=\"features-square-image-featimg\" src=\"http:\/\/xn--gebrderschmitt-jsb.de\/wp-content\/uploads\/2018\/11\/1050025.jpg\" \/>\n\n<\/div>\n<\/div>\n<\/div>\n<\/div>\n<div id=\"testimonials-2\" class=\"testimonials-full-section\" style=\"background-color: #f6f6f6;\" data-label=\"Testimonials\" data-id=\"testimonials-full-section\" data-category=\"testimonials\">\n<div class=\"testimonials-full-section\">\n<div class=\"testimonials-full-textrow dynamic-color\">\n<div class=\"testimonials-full-textcol\" data-type=\"column\">\n<h2 class=\"\">Kontakt<\/h2>\n<img decoding=\"async\" class=\"custom-image\" src=\"http:\/\/xn--gebrderschmitt-jsb.de\/wp-content\/uploads\/2021\/12\/daniel-christian-schmitt.jpg\" alt=\"\" \/>\n<p class=\"\">Sie haben einen Auftrag f\u00fcr uns?\n\nEgal ob regional oder \u00fcberregional, wir freuen uns von Ihnen zu h\u00f6ren!<\/p>\nDaniel Schmitt:\u00a0 0 172 \/ 711 02 14\nChristian Schmitt:\u00a0 0 173 \/ 958 22 12\n\n<\/div>\n<\/div>\n<div class=\"testimonials-full-itemsrow dynamic-color\" data-type=\"row\">\n<div class=\"testimonials-full-itemcol cp6cols-tablet cp6cols\">\n<div class=\"testimonials-full-imgcol\" data-preview-empty=\"1\"><\/div>\n<div class=\"testimonials-full-itemtextcol\" data-type=\"column\"><\/div>\n<\/div>\n<\/div>\n<\/div>\n<\/div>","protected":false},"excerpt":{"rendered":"<p>ERDBAU, TRANSPORT &amp; NATURSTEIN Wir vereinen Erfahrung mit Leidenschaft und schweren Maschinen. Aufgewachsen mit den Traktoren der elterlichen Landwirtschaft haben wir ohne den Bezug zu unseren Wurzeln zu verlieren, Gebr\u00fcder Schmitt gegr\u00fcndet und zu einem leistungsstarken Dienstleister entwickelt. Transportprofis Erd- und Sch\u00fcttguttransporte in unwegsamen Gel\u00e4nde? Genau unser Ding! Unsere Traktoren mit Schwerlast Muldenkippern meistern jeden&hellip; <br \/> <a class=\"button small blue\" href=\"http:\/\/xn--gebrderschmitt-jsb.de\/?p=1\">Weiterlesen<\/a><\/p>\n","protected":false},"author":1,"featured_media":9,"parent":0,"menu_order":0,"comment_status":"closed","ping_status":"closed","template":"","meta":{"footnotes":""},"class_list":["post-5","page","type-page","status-publish","has-post-thumbnail","hentry"],"_links":{"self":[{"href":"http:\/\/xn--gebrderschmitt-jsb.de\/index.php?rest_route=\/wp\/v2\/pages\/5","targetHints":{"allow":["GET"]}}],"collection":[{"href":"http:\/\/xn--gebrderschmitt-jsb.de\/index.php?rest_route=\/wp\/v2\/pages"}],"about":[{"href":"http:\/\/xn--gebrderschmitt-jsb.de\/index.php?rest_route=\/wp\/v2\/types\/page"}],"author":[{"embeddable":true,"href":"http:\/\/xn--gebrderschmitt-jsb.de\/index.php?rest_route=\/wp\/v2\/users\/1"}],"replies":[{"embeddable":true,"href":"http:\/\/xn--gebrderschmitt-jsb.de\/index.php?rest_route=%2Fwp%2Fv2%2Fcomments&post=5"}],"version-history":[{"count":34,"href":"http:\/\/xn--gebrderschmitt-jsb.de\/index.php?rest_route=\/wp\/v2\/pages\/5\/revisions"}],"predecessor-version":[{"id":157,"href":"http:\/\/xn--gebrderschmitt-jsb.de\/index.php?rest_route=\/wp\/v2\/pages\/5\/revisions\/157"}],"wp:featuredmedia":[{"embeddable":true,"href":"http:\/\/xn--gebrderschmitt-jsb.de\/index.php?rest_route=\/wp\/v2\/media\/9"}],"wp:attachment":[{"href":"http:\/\/xn--gebrderschmitt-jsb.de\/index.php?rest_route=%2Fwp%2Fv2%2Fmedia&parent=5"}],"curies":[{"name":"wp","href":"https:\/\/api.w.org\/{rel}","templated":true}]}}